{"id":19,"date":"2024-05-22T14:40:22","date_gmt":"2024-05-22T14:40:22","guid":{"rendered":"https:\/\/www.am-schafteich.de\/?page_id=19"},"modified":"2024-08-08T09:43:22","modified_gmt":"2024-08-08T09:43:22","slug":"unsere-aktivitaeten","status":"publish","type":"page","link":"https:\/\/www.am-schafteich.de\/?page_id=19","title":{"rendered":"Unsere Aktivit\u00e4ten:"},"content":{"rendered":"\n<p class=\"has-medium-font-size\"><strong>Naturschutz und Landschaftspflege:<\/strong><\/p>\n\n\n\n<p style=\"font-size:18px\">Anregung, Durchf\u00fchrung und Unterst\u00fctzung von Naturschutzprojekten im Naturschutzgebiet Schafteich <\/p>\n\n\n\n<p style=\"font-size:18px\">Regelm\u00e4\u00dfige M\u00fcllsammelaktionen <\/p>\n\n\n\n<p style=\"font-size:18px\">Anlage und Betreuung von Wanderwegen und Biotopen<\/p>\n\n\n\n<p style=\"font-size:18px\">Fertigung und Anbringung von Nistk\u00e4sten<\/p>\n\n\n\n<p><\/p>\n\n\n\n<p class=\"has-medium-font-size\"><strong>Umweltbildung:<\/strong><\/p>\n\n\n\n<p style=\"font-size:18px\">Vortr\u00e4ge, Wanderungen und Exkursionen f\u00fcr Kinder, Jugendliche und Erwachsene<\/p>\n\n\n\n<p style=\"font-size:18px\">Entwicklung des Umweltbewusstseins<\/p>\n\n\n\n<p><\/p>\n\n\n\n<p class=\"has-medium-font-size\"><strong>\u00d6ffentlichkeitsarbeit:<\/strong><\/p>\n\n\n\n<p style=\"font-size:18px\">Veranstaltungen und Ma\u00dfnahmen zur Information der \u00d6ffentlichkeit<\/p>\n\n\n\n<p style=\"font-size:18px\">Initiierung und Unterst\u00fctzung weiterer Vorhaben zum Vereinszweck<\/p>\n\n\n\n<p><\/p>\n\n\n\n<p class=\"has-medium-font-size\"><strong>F\u00f6rderung:<\/strong><\/p>\n\n\n\n<p style=\"font-size:18px\">Beschaffung und Verwaltung von finanziellen Mitteln f\u00fcr die Vereinsziele<\/p>\n\n\n\n<p><\/p>\n\n\n\n<p class=\"has-medium-font-size\"><strong>Vereinsleben:<\/strong><\/p>\n\n\n\n<p style=\"font-size:18px\">Social Events (Seniorentreff, Kegelabend) um Gleichgesinnte auch im Privaten zusammen zu bringen<\/p>\n\n\n\n<p><\/p>\n","protected":false},"excerpt":{"rendered":"<p>Naturschutz und Landschaftspflege: Anregung, Durchf\u00fchrung und Unterst\u00fctzung von Naturschutzprojekten im Naturschutzgebiet Schafteich Regelm\u00e4\u00dfige M\u00fcllsammelaktionen Anlage und Betreuung von Wanderwegen und Biotopen Fertigung und Anbringung von Nistk\u00e4sten Umweltbildung: Vortr\u00e4ge, Wanderungen und Exkursionen f\u00fcr Kinder, Jugendliche und Erwachsene Entwicklung des Umweltbewusstseins \u00d6ffentlichkeitsarbeit: Veranstaltungen und Ma\u00dfnahmen zur Information der \u00d6ffentlichkeit Initiierung und Unterst\u00fctzung weiterer Vorhaben zum Vereinszweck F\u00f6rderung: [&hellip;]<\/p>\n","protected":false},"author":1,"featured_media":0,"parent":0,"menu_order":0,"comment_status":"closed","ping_status":"closed","template":"","meta":{"footnotes":""},"class_list":["post-19","page","type-page","status-publish","hentry"],"_links":{"self":[{"href":"https:\/\/www.am-schafteich.de\/index.php?rest_route=\/wp\/v2\/pages\/19","targetHints":{"allow":["GET"]}}],"collection":[{"href":"https:\/\/www.am-schafteich.de\/index.php?rest_route=\/wp\/v2\/pages"}],"about":[{"href":"https:\/\/www.am-schafteich.de\/index.php?rest_route=\/wp\/v2\/types\/page"}],"author":[{"embeddable":true,"href":"https:\/\/www.am-schafteich.de\/index.php?rest_route=\/wp\/v2\/users\/1"}],"replies":[{"embeddable":true,"href":"https:\/\/www.am-schafteich.de\/index.php?rest_route=%2Fwp%2Fv2%2Fcomments&post=19"}],"version-history":[{"count":12,"href":"https:\/\/www.am-schafteich.de\/index.php?rest_route=\/wp\/v2\/pages\/19\/revisions"}],"predecessor-version":[{"id":150,"href":"https:\/\/www.am-schafteich.de\/index.php?rest_route=\/wp\/v2\/pages\/19\/revisions\/150"}],"wp:attachment":[{"href":"https:\/\/www.am-schafteich.de\/index.php?rest_route=%2Fwp%2Fv2%2Fmedia&parent=19"}],"curies":[{"name":"wp","href":"https:\/\/api.w.org\/{rel}","templated":true}]}}