{"id":21,"date":"2024-05-22T14:45:44","date_gmt":"2024-05-22T14:45:44","guid":{"rendered":"https:\/\/www.am-schafteich.de\/?page_id=21"},"modified":"2025-04-19T07:49:39","modified_gmt":"2025-04-19T07:49:39","slug":"herzlich-willkommen-beim-naturschutzverein-am-schafteich-e-v","status":"publish","type":"page","link":"https:\/\/www.am-schafteich.de\/","title":{"rendered":"Herzlich Willkommen beim Naturschutzverein Am Schafteich e.V.!"},"content":{"rendered":"\n<div class=\"wp-block-group has-text-color has-link-color wp-elements-38ec37bb12847f65b644374627edd248\" style=\"color:#3d903c\"><div class=\"wp-block-group__inner-container is-layout-constrained wp-block-group-is-layout-constrained\">\n<p class=\"has-white-color has-text-color has-background has-link-color has-medium-font-size wp-elements-831154bc865713631cd84fa94f5d0c36\" style=\"background-color:#85b57c;font-style:normal;font-weight:700\">Der Schutz und die Pflege der Natur rund um den Schafteich sowie die Versch\u00f6nerung des Ortsbildes liegen uns am Herzen.<\/p>\n<\/div><\/div>\n\n\n\n<p class=\"has-medium-font-size\">Das Naturschutzgebiet &#8222;Am Schafteich&#8220; beherbergt eine Vielzahl seltener Pflanzen und Tiere und bietet einen Ort der Ruhe und Erholung f\u00fcr alle Naturliebhaber. Der Naturschutzverein Am Schafteich e.V. wurde im Jahr 2023 gegr\u00fcndet und m\u00f6chte sich f\u00fcr den Erhalt und die Pflege dieses wertvollen Naturraumes einsetzen. Mit ehrenamtlicher Arbeit und viel Engagement k\u00fcmmern wir uns um die vielf\u00e4ltigen Aufgaben im Naturschutzgebiet:<\/p>\n\n\n\n<p><\/p>\n\n\n\n<blockquote class=\"wp-block-quote is-layout-flow wp-block-quote-is-layout-flow\">\n<p style=\"font-size:17px\"><strong>M\u00fcllsammelaktionen:<\/strong> Gemeinsam halten wir den Wald um den Schafteich sauber und frei von M\u00fcll.<\/p>\n\n\n\n<p style=\"font-size:17px\"><strong>Biotoppflege:<\/strong> Wir pflegen die Lebensr\u00e4ume von Pflanzen und Tieren, beispielsweise mit dem Bau und Anbringen von Nistk\u00e4sten.<\/p>\n\n\n\n<p style=\"font-size:17px\"><strong>\u00d6ffentlichkeitsarbeit:<\/strong> Wir informieren \u00fcber die Bedeutung des Naturschutzes und sensibilisieren f\u00fcr den Schutz unserer Umwelt.<\/p>\n\n\n\n<p style=\"font-size:17px\"><strong>Veranstaltungen:<\/strong> Wir organisieren F\u00fchrungen, wie Vogelstimmenkunde oder Kr\u00e4uterwanderungen f\u00fcr Kinder, Jugendliche und Erwachsene.<\/p>\n\n\n\n<p style=\"font-size:17px\"><strong>Ortsgeschichte:<\/strong> Mit Engagement recherchieren wir die Geschichte der an das Naturschutzgebiet angrenzenden Siedlungen, um das historische Wissen zu bewahren.<\/p>\n<\/blockquote>\n\n\n\n<div style=\"height:63px\" aria-hidden=\"true\" class=\"wp-block-spacer\"><\/div>\n\n\n\n<hr class=\"wp-block-separator has-css-opacity is-style-default\"\/>\n\n\n<div class=\"wp-block-image is-style-rounded\">\n<figure class=\"aligncenter size-large is-resized\"><img loading=\"lazy\" decoding=\"async\" width=\"910\" height=\"1024\" src=\"https:\/\/www.am-schafteich.de\/wp-content\/uploads\/2024\/05\/test-910x1024.jpg\" alt=\"\" class=\"wp-image-92\" style=\"width:150px;height:150px\" srcset=\"https:\/\/www.am-schafteich.de\/wp-content\/uploads\/2024\/05\/test-910x1024.jpg 910w, https:\/\/www.am-schafteich.de\/wp-content\/uploads\/2024\/05\/test-267x300.jpg 267w, https:\/\/www.am-schafteich.de\/wp-content\/uploads\/2024\/05\/test-768x864.jpg 768w, https:\/\/www.am-schafteich.de\/wp-content\/uploads\/2024\/05\/test.jpg 1126w\" sizes=\"auto, (max-width: 910px) 100vw, 910px\" \/><\/figure>\n<\/div>\n\n\n<blockquote class=\"wp-block-quote has-text-align-center is-style-large is-layout-flow wp-block-quote-is-layout-flow\">\n<p class=\"has-medium-font-size\">\u201eIch habe den Naturschutzverein mitgegr\u00fcndet, weil mir der Erhalt <br>unserer Natur am Herzen liegt.\u201c<\/p>\n<cite>\u2013 Antje Wilhelms, <em>Gr\u00fcndungsmitglied<\/em><\/cite><\/blockquote>\n\n\n\n<hr class=\"wp-block-separator has-css-opacity is-style-default\"\/>\n","protected":false},"excerpt":{"rendered":"<p>Der Schutz und die Pflege der Natur rund um den Schafteich sowie die Versch\u00f6nerung des Ortsbildes liegen uns am Herzen. Das Naturschutzgebiet &#8222;Am Schafteich&#8220; beherbergt eine Vielzahl seltener Pflanzen und Tiere und bietet einen Ort der Ruhe und Erholung f\u00fcr alle Naturliebhaber. Der Naturschutzverein Am Schafteich e.V. wurde im Jahr 2023 gegr\u00fcndet und m\u00f6chte sich [&hellip;]<\/p>\n","protected":false},"author":1,"featured_media":0,"parent":0,"menu_order":0,"comment_status":"closed","ping_status":"closed","template":"","meta":{"footnotes":""},"class_list":["post-21","page","type-page","status-publish","hentry"],"_links":{"self":[{"href":"https:\/\/www.am-schafteich.de\/index.php?rest_route=\/wp\/v2\/pages\/21","targetHints":{"allow":["GET"]}}],"collection":[{"href":"https:\/\/www.am-schafteich.de\/index.php?rest_route=\/wp\/v2\/pages"}],"about":[{"href":"https:\/\/www.am-schafteich.de\/index.php?rest_route=\/wp\/v2\/types\/page"}],"author":[{"embeddable":true,"href":"https:\/\/www.am-schafteich.de\/index.php?rest_route=\/wp\/v2\/users\/1"}],"replies":[{"embeddable":true,"href":"https:\/\/www.am-schafteich.de\/index.php?rest_route=%2Fwp%2Fv2%2Fcomments&post=21"}],"version-history":[{"count":18,"href":"https:\/\/www.am-schafteich.de\/index.php?rest_route=\/wp\/v2\/pages\/21\/revisions"}],"predecessor-version":[{"id":185,"href":"https:\/\/www.am-schafteich.de\/index.php?rest_route=\/wp\/v2\/pages\/21\/revisions\/185"}],"wp:attachment":[{"href":"https:\/\/www.am-schafteich.de\/index.php?rest_route=%2Fwp%2Fv2%2Fmedia&parent=21"}],"curies":[{"name":"wp","href":"https:\/\/api.w.org\/{rel}","templated":true}]}}