{"id":23,"date":"2024-05-22T14:40:15","date_gmt":"2024-05-22T14:40:15","guid":{"rendered":"https:\/\/www.am-schafteich.de\/?page_id=23"},"modified":"2025-09-23T11:39:52","modified_gmt":"2025-09-23T11:39:52","slug":"mitmachen","status":"publish","type":"page","link":"https:\/\/www.am-schafteich.de\/?page_id=23","title":{"rendered":"Mitmachen!"},"content":{"rendered":"\n<p class=\"has-medium-font-size\"><strong>Mit Ihrer Unterst\u00fctzung k\u00f6nnen wir noch mehr erreichen!<\/strong><\/p>\n\n\n\n<p class=\"has-medium-font-size\">Werden Sie Mitglied in unserem Verein und engagieren Sie sich aktiv f\u00fcr den Schutz der Natur in unserer Region. Als Mitglied profitieren Sie von:<\/p>\n\n\n\n<ul class=\"wp-block-list\">\n<li class=\"has-medium-font-size\">regelm\u00e4\u00dfigen Informationen \u00fcber unsere Aktivit\u00e4ten<\/li>\n\n\n\n<li class=\"has-medium-font-size\">M\u00f6glichkeiten zur aktiven Mitarbeit<\/li>\n\n\n\n<li class=\"has-medium-font-size\">Einladungen zu exklusiven Veranstaltungen<\/li>\n\n\n\n<li class=\"has-medium-font-size\">das gute Gef\u00fchl, etwas f\u00fcr die Umwelt zu tun<\/li>\n<\/ul>\n\n\n\n<p class=\"has-medium-font-size\"><strong>Interessiert?<\/strong><\/p>\n\n\n\n<p class=\"has-medium-font-size\">Dann f\u00fcllen Sie einfach den Mitgliedsantrag (hier zum <a href=\"https:\/\/www.am-schafteich.de\/wp-content\/uploads\/2024\/07\/MITGLIEDSANTRAG_blanko.pdf\">Download<\/a>) aus und senden Sie ihn uns per Post an folgende Adresse:<\/p>\n\n\n\n<blockquote class=\"wp-block-quote is-layout-flow wp-block-quote-is-layout-flow\">\n<p class=\"has-medium-font-size\"><strong>Naturschutzverein Am Schafteich e.V.<\/strong><\/p>\n\n\n\n<p class=\"has-medium-font-size\"><strong>Am T\u00e4nnigt 50<\/strong><\/p>\n\n\n\n<p class=\"has-medium-font-size\">09212 Limbach-Oberfrohna <\/p>\n<\/blockquote>\n\n\n\n<p><\/p>\n\n\n\n<p class=\"has-medium-font-size\"><strong>Wir freuen uns auf Sie!<\/strong><\/p>\n\n\n\n<p><\/p>\n\n\n\n<p><\/p>\n\n\n\n<p class=\"has-medium-font-size\"><strong>Spenden:<\/strong><\/p>\n\n\n\n<p class=\"has-medium-font-size\">Nat\u00fcrlich freuen wir uns auch \u00fcber jegliche finanzielle Unterst\u00fctzung. Eine Spende k\u00f6nnen Sie jederzeit einzahlen auf das folgende Spendenkonto:<\/p>\n\n\n\n<p class=\"has-medium-font-size\">Kontoinhaber: Am Schafteich e.V.<\/p>\n\n\n\n<p class=\"has-medium-font-size\">IBAN: DE84 8306 5408 0005 4393 61<\/p>\n\n\n\n<p><\/p>\n\n\n\n<p class=\"has-medium-font-size\"><strong>Vielen Dank f\u00fcr Ihre Unterst\u00fctzung!<\/strong><\/p>\n","protected":false},"excerpt":{"rendered":"<p>Mit Ihrer Unterst\u00fctzung k\u00f6nnen wir noch mehr erreichen! Werden Sie Mitglied in unserem Verein und engagieren Sie sich aktiv f\u00fcr den Schutz der Natur in unserer Region. Als Mitglied profitieren Sie von: Interessiert? Dann f\u00fcllen Sie einfach den Mitgliedsantrag (hier zum Download) aus und senden Sie ihn uns per Post an folgende Adresse: Naturschutzverein Am [&hellip;]<\/p>\n","protected":false},"author":1,"featured_media":0,"parent":0,"menu_order":0,"comment_status":"closed","ping_status":"closed","template":"","meta":{"footnotes":""},"class_list":["post-23","page","type-page","status-publish","hentry"],"_links":{"self":[{"href":"https:\/\/www.am-schafteich.de\/index.php?rest_route=\/wp\/v2\/pages\/23","targetHints":{"allow":["GET"]}}],"collection":[{"href":"https:\/\/www.am-schafteich.de\/index.php?rest_route=\/wp\/v2\/pages"}],"about":[{"href":"https:\/\/www.am-schafteich.de\/index.php?rest_route=\/wp\/v2\/types\/page"}],"author":[{"embeddable":true,"href":"https:\/\/www.am-schafteich.de\/index.php?rest_route=\/wp\/v2\/users\/1"}],"replies":[{"embeddable":true,"href":"https:\/\/www.am-schafteich.de\/index.php?rest_route=%2Fwp%2Fv2%2Fcomments&post=23"}],"version-history":[{"count":8,"href":"https:\/\/www.am-schafteich.de\/index.php?rest_route=\/wp\/v2\/pages\/23\/revisions"}],"predecessor-version":[{"id":198,"href":"https:\/\/www.am-schafteich.de\/index.php?rest_route=\/wp\/v2\/pages\/23\/revisions\/198"}],"wp:attachment":[{"href":"https:\/\/www.am-schafteich.de\/index.php?rest_route=%2Fwp%2Fv2%2Fmedia&parent=23"}],"curies":[{"name":"wp","href":"https:\/\/api.w.org\/{rel}","templated":true}]}}