{"id":25,"date":"2024-05-22T14:39:31","date_gmt":"2024-05-22T14:39:31","guid":{"rendered":"https:\/\/www.am-schafteich.de\/?page_id=25"},"modified":"2025-08-19T12:40:35","modified_gmt":"2025-08-19T12:40:35","slug":"aktuelles","status":"publish","type":"page","link":"https:\/\/www.am-schafteich.de\/?page_id=25","title":{"rendered":"Aktuelles"},"content":{"rendered":"\n<p class=\"has-luminous-vivid-orange-color has-text-color has-link-color has-medium-font-size wp-elements-691bf48e5360b6f55da070a9c8c4cb9f\" style=\"font-style:normal;font-weight:700\">Hier findet ihr bald neue Informationen zu anstehenden Aktionen! Seid gespannt.<\/p>\n\n\n\n<hr class=\"wp-block-separator has-alpha-channel-opacity\"\/>\n\n\n\n<p class=\"has-large-font-size\"><strong>R\u00fcckblick<\/strong> <strong>auf vergangene Aktionen<\/strong>:<\/p>\n\n\n\n<p class=\"has-medium-font-size\"><strong>Recherchen zu Historie des Naturschutzgebietes <\/strong><\/p>\n\n\n\n<p style=\"font-size:20px\">Unter Leitung von Werner Domaratius hat sich die Arbeitsgruppe <em>\u201eHistorie\u201c<\/em> intensiv mit der Vergangenheit des Naturschutzgebietes \u201eAm Schafteich\u201c besch\u00e4ftigt \u2013 insbesondere mit der Siedlung Am T\u00e4nnigt. Dabei konnten zahlreiche spannende und bislang wenig bekannte Begebenheiten ans Licht gebracht werden. Wer mehr \u00fcber die Ergebnisse der Recherchen erfahren m\u00f6chte, kann sich gern an uns wenden.<\/p>\n\n\n\n<hr class=\"wp-block-separator has-alpha-channel-opacity\"\/>\n\n\n\n<blockquote class=\"wp-block-quote is-layout-flow wp-block-quote-is-layout-flow\"><\/blockquote>\n\n\n\n<div class=\"wp-block-media-text is-stacked-on-mobile\" style=\"grid-template-columns:18% auto\"><figure class=\"wp-block-media-text__media\"><img loading=\"lazy\" decoding=\"async\" width=\"900\" height=\"1600\" src=\"https:\/\/www.am-schafteich.de\/wp-content\/uploads\/2025\/04\/WhatsApp-Image-2025-03-24-at-18.10.58-1.jpeg\" alt=\"\" class=\"wp-image-175 size-full\" srcset=\"https:\/\/www.am-schafteich.de\/wp-content\/uploads\/2025\/04\/WhatsApp-Image-2025-03-24-at-18.10.58-1.jpeg 900w, https:\/\/www.am-schafteich.de\/wp-content\/uploads\/2025\/04\/WhatsApp-Image-2025-03-24-at-18.10.58-1-169x300.jpeg 169w, https:\/\/www.am-schafteich.de\/wp-content\/uploads\/2025\/04\/WhatsApp-Image-2025-03-24-at-18.10.58-1-576x1024.jpeg 576w, https:\/\/www.am-schafteich.de\/wp-content\/uploads\/2025\/04\/WhatsApp-Image-2025-03-24-at-18.10.58-1-768x1365.jpeg 768w, https:\/\/www.am-schafteich.de\/wp-content\/uploads\/2025\/04\/WhatsApp-Image-2025-03-24-at-18.10.58-1-864x1536.jpeg 864w\" sizes=\"auto, (max-width: 900px) 100vw, 900px\" \/><\/figure><div class=\"wp-block-media-text__content\">\n<p class=\"has-text-align-left has-medium-font-size\"><strong>M\u00fcllsammelaktion am 24. M\u00e4rz 2025<\/strong><br>Bei unserer ersten M\u00fcllsammelaktion im Jahr am 24. M\u00e4rz waren wieder viele engagierte Helferinnen und Helfer unterwegs, um unsere Natur von achtlos weggeworfenem Abfall zu befreien &#8211; zum Gl\u00fcck diesmal <strong>vergleichsweise wenig im Wald<\/strong>.<br>Wir bedanken uns herzlich bei allen Mitwirkenden und bei der Stadt f\u00fcr die organisatorische Unterst\u00fctzung. Die n\u00e4chste Aktion kommt bestimmt \u2013 wir freuen uns schon jetzt auf viele helfende H\u00e4nde!<\/p>\n<\/div><\/div>\n\n\n\n<hr class=\"wp-block-separator has-alpha-channel-opacity\"\/>\n\n\n\n<p class=\"has-medium-font-size\"><strong>Vereinsmeile Limbach-Oberfrohna \u2013 wir waren dabei! <\/strong><br>Bei der diesj\u00e4hrigen Vereinsmeile in Limbach-Oberfrohna am 14.09.2024 war unser Naturschutzverein mit einem Stand vertreten \u2013 und auf dem Gel\u00e4nde von Sport Meisel auch f\u00fcr die Verpflegung der Besucherinnen und Besucher zust\u00e4ndig. Neben vielen guten Gespr\u00e4chen und interessierten Fragen rund um unsere Arbeit konnten wir so auf angenehme Weise Pr\u00e4senz zeigen und mit anderen Vereinen und G\u00e4sten ins Gespr\u00e4ch kommen. <\/p>\n\n\n\n<p class=\"has-medium-font-size\">Mit viel Engagement und Teamgeist sorgten unsere Helferinnen und Helfer f\u00fcr einen reibungslosen Ablauf. Ob herzhafte Klassiker vom Rost, knackige Pommes oder eine Portion hausgemachter Kartoffelsuppe \u2013 f\u00fcr jeden Geschmack war etwas dabei. Besonders gefreut hat uns das positive Feedback und die Wertsch\u00e4tzung f\u00fcr unseren Einsatz.<\/p>\n\n\n\n<p class=\"has-medium-font-size\">Wir danken allen Beteiligten f\u00fcr ihre Unterst\u00fctzung!!<\/p>\n\n\n\n<div class=\"wp-block-group is-vertical is-layout-flex wp-container-core-group-is-layout-8cf370e7 wp-block-group-is-layout-flex\">\n<figure class=\"wp-block-gallery has-nested-images columns-default is-cropped wp-block-gallery-1 is-layout-flex wp-block-gallery-is-layout-flex\"><\/figure>\n\n\n\n<figure class=\"wp-block-gallery has-nested-images columns-default is-cropped wp-block-gallery-2 is-layout-flex wp-block-gallery-is-layout-flex\">\n<figure class=\"wp-block-image size-large\"><img loading=\"lazy\" decoding=\"async\" width=\"1024\" height=\"771\" data-id=\"172\" src=\"https:\/\/www.am-schafteich.de\/wp-content\/uploads\/2025\/04\/14.9.-Vereinsmeile-1024x771.jpg\" alt=\"Der Stand des Schafteich e.V. auf der Vereinsmeile\" class=\"wp-image-172\" srcset=\"https:\/\/www.am-schafteich.de\/wp-content\/uploads\/2025\/04\/14.9.-Vereinsmeile-1024x771.jpg 1024w, https:\/\/www.am-schafteich.de\/wp-content\/uploads\/2025\/04\/14.9.-Vereinsmeile-300x226.jpg 300w, https:\/\/www.am-schafteich.de\/wp-content\/uploads\/2025\/04\/14.9.-Vereinsmeile-768x578.jpg 768w, https:\/\/www.am-schafteich.de\/wp-content\/uploads\/2025\/04\/14.9.-Vereinsmeile.jpg 1325w\" sizes=\"auto, (max-width: 1024px) 100vw, 1024px\" \/><figcaption class=\"wp-element-caption\">Der Stand des Schafteich e.V. auf der Vereinsmeile<\/figcaption><\/figure>\n\n\n\n<figure class=\"wp-block-image size-large\"><img loading=\"lazy\" decoding=\"async\" width=\"1024\" height=\"771\" data-id=\"174\" src=\"https:\/\/www.am-schafteich.de\/wp-content\/uploads\/2025\/04\/PXL_20240914_100447653.MP_-1024x771.jpg\" alt=\"Der Stand des Schafteich e.V. auf der Vereinsmeile\" class=\"wp-image-174\" srcset=\"https:\/\/www.am-schafteich.de\/wp-content\/uploads\/2025\/04\/PXL_20240914_100447653.MP_-1024x771.jpg 1024w, https:\/\/www.am-schafteich.de\/wp-content\/uploads\/2025\/04\/PXL_20240914_100447653.MP_-300x226.jpg 300w, https:\/\/www.am-schafteich.de\/wp-content\/uploads\/2025\/04\/PXL_20240914_100447653.MP_-768x578.jpg 768w, https:\/\/www.am-schafteich.de\/wp-content\/uploads\/2025\/04\/PXL_20240914_100447653.MP_.jpg 1325w\" sizes=\"auto, (max-width: 1024px) 100vw, 1024px\" \/><\/figure>\n<\/figure>\n<\/div>\n\n\n\n<hr class=\"wp-block-separator has-alpha-channel-opacity\"\/>\n\n\n\n<div class=\"wp-block-media-text alignwide has-media-on-the-right is-stacked-on-mobile is-vertically-aligned-bottom\" style=\"grid-template-columns:auto 31%\"><div class=\"wp-block-media-text__content\">\n<p class=\"has-medium-font-size\"><strong>Unterwegs mit dem J\u00e4ger \u2013 Exkursion ins Naturschutzgebiet <\/strong><\/p>\n\n\n\n<p class=\"has-medium-font-size\">Am 28. September 2024 waren wir mit dem J\u00e4ger Steffen Brendel im Naturschutzgebiet unterwegs und durften spannende Einblicke in die heimische Tier- und Pflanzenwelt gewinnen. In zwei Gruppen \u2013 jeweils rund ein bis zwei Stunden unterwegs \u2013 erfuhren die Teilnehmenden Wissenswertes \u00fcber Wildtiere, Lebensr\u00e4ume, Spuren im Wald und die Aufgaben der Jagd im Einklang mit dem Naturschutz.<\/p>\n\n\n\n<p class=\"has-medium-font-size\">Wir danken dem J\u00e4ger herzlich f\u00fcr die Zeit und den informativen Austausch \u2013 und allen Teilnehmenden f\u00fcrs Mitkommen und Mitfragen!<\/p>\n<\/div><figure class=\"wp-block-media-text__media\"><img loading=\"lazy\" decoding=\"async\" width=\"1024\" height=\"771\" src=\"https:\/\/www.am-schafteich.de\/wp-content\/uploads\/2025\/04\/28.9.-Brendel-1024x771.jpg\" alt=\"mit dem J\u00e4ger auf Erkundungstour\" class=\"wp-image-173 size-full\" srcset=\"https:\/\/www.am-schafteich.de\/wp-content\/uploads\/2025\/04\/28.9.-Brendel-1024x771.jpg 1024w, https:\/\/www.am-schafteich.de\/wp-content\/uploads\/2025\/04\/28.9.-Brendel-300x226.jpg 300w, https:\/\/www.am-schafteich.de\/wp-content\/uploads\/2025\/04\/28.9.-Brendel-768x578.jpg 768w, https:\/\/www.am-schafteich.de\/wp-content\/uploads\/2025\/04\/28.9.-Brendel.jpg 1325w\" sizes=\"auto, (max-width: 1024px) 100vw, 1024px\" \/><\/figure><\/div>\n\n\n\n<hr class=\"wp-block-separator has-alpha-channel-opacity\"\/>\n\n\n\n<p class=\"has-black-color has-white-background-color has-text-color has-background has-link-color has-medium-font-size wp-elements-e41fc8cc777ac6af7f78e5d708f6e2d9\"><strong>&#8222;Gemeinsam statt Einsam&#8220; <\/strong><br>Unter diesem Motto wurde eine \u00dc80-Gruppe gebildet werden, um zuk\u00fcnftig gemeinsame Spazierg\u00e4nge, Spielenachmittage oder Ausfl\u00fcge zu unternehmen. Dazu trafen sich interessierte Anwohner der Siedlung Am T\u00e4nnigt am 25.07.2024 um 15:30 Uhr zum gem\u00fctlichen Kaffeetrinken im Garten von Helga Kosalla.<\/p>\n\n\n\n<p><\/p>\n","protected":false},"excerpt":{"rendered":"<p>Hier findet ihr bald neue Informationen zu anstehenden Aktionen! Seid gespannt. R\u00fcckblick auf vergangene Aktionen: Recherchen zu Historie des Naturschutzgebietes Unter Leitung von Werner Domaratius hat sich die Arbeitsgruppe \u201eHistorie\u201c intensiv mit der Vergangenheit des Naturschutzgebietes \u201eAm Schafteich\u201c besch\u00e4ftigt \u2013 insbesondere mit der Siedlung Am T\u00e4nnigt. Dabei konnten zahlreiche spannende und bislang wenig bekannte Begebenheiten [&hellip;]<\/p>\n","protected":false},"author":1,"featured_media":0,"parent":0,"menu_order":0,"comment_status":"closed","ping_status":"closed","template":"template-full-width.php","meta":{"footnotes":""},"class_list":["post-25","page","type-page","status-publish","hentry"],"_links":{"self":[{"href":"https:\/\/www.am-schafteich.de\/index.php?rest_route=\/wp\/v2\/pages\/25","targetHints":{"allow":["GET"]}}],"collection":[{"href":"https:\/\/www.am-schafteich.de\/index.php?rest_route=\/wp\/v2\/pages"}],"about":[{"href":"https:\/\/www.am-schafteich.de\/index.php?rest_route=\/wp\/v2\/types\/page"}],"author":[{"embeddable":true,"href":"https:\/\/www.am-schafteich.de\/index.php?rest_route=\/wp\/v2\/users\/1"}],"replies":[{"embeddable":true,"href":"https:\/\/www.am-schafteich.de\/index.php?rest_route=%2Fwp%2Fv2%2Fcomments&post=25"}],"version-history":[{"count":35,"href":"https:\/\/www.am-schafteich.de\/index.php?rest_route=\/wp\/v2\/pages\/25\/revisions"}],"predecessor-version":[{"id":192,"href":"https:\/\/www.am-schafteich.de\/index.php?rest_route=\/wp\/v2\/pages\/25\/revisions\/192"}],"wp:attachment":[{"href":"https:\/\/www.am-schafteich.de\/index.php?rest_route=%2Fwp%2Fv2%2Fmedia&parent=25"}],"curies":[{"name":"wp","href":"https:\/\/api.w.org\/{rel}","templated":true}]}}